{"id":9,"date":"2022-08-19T21:45:53","date_gmt":"2022-08-19T19:45:53","guid":{"rendered":"https:\/\/www.santorinpascher.fr\/?page_id=9"},"modified":"2022-08-19T22:35:13","modified_gmt":"2022-08-19T20:35:13","slug":"santorin","status":"publish","type":"page","link":"https:\/\/www.santorinpascher.fr\/","title":{"rendered":"Santorin"},"content":{"rendered":"\n<h2 class=\"wp-block-heading\">\u00cele de Santorin Gr\u00e8ce<\/h2>\n\n\n<p><span class=\"s1\"><img decoding=\"async\" class=\"alignleft size-medium wp-image-30\" src=\"https:\/\/www.santorinpascher.fr\/wp-content\/uploads\/2022\/08\/santorin-300x200.webp\" alt=\"santorin\" width=\"300\" height=\"200\" srcset=\"https:\/\/www.santorinpascher.fr\/wp-content\/uploads\/2022\/08\/santorin-300x200.webp 300w, https:\/\/www.santorinpascher.fr\/wp-content\/uploads\/2022\/08\/santorin-768x512.webp 768w, https:\/\/www.santorinpascher.fr\/wp-content\/uploads\/2022\/08\/santorin.webp 960w\" sizes=\"(max-width: 300px) 100vw, 300px\" \/><\/span>Santorin, que les Grecs appellent Thira ou Thera, est la derni\u00e8re ile des Cyclades avant la Cr\u00e8te.<\/p>\n<p>C\u2019est aussi la plus \u00e9trange et la plus myst\u00e9rieuse, celle dont toutes les croisi\u00e8res \u00e9g\u00e9ennes ont fait une des plus importantes escales de leur programme.<\/p>\n<p>Plusieurs milliers de visiteurs chaque ann\u00e9es, depuis la d\u00e9couverte a Akrotiri , restent silencieux et stup\u00e9fait ,devant le spectacle de la nature , chaque soir si diff\u00e9rent ,pendant le coucher du soleil pour m\u00e9moriser les contraste des couleurs et imaginer le d\u00e9but ou la fin du monde.<\/p>\n<p>Santorin est une \u00eele volcanique , n\u00e9e par cons\u00e9quence, de la plus importante \u00e9ruption volcanique de la pr\u00e9histoire, de la zone m\u00e9diterran\u00e9e.<\/p>\n<p>La caldera cr\u00e9\u00e9 au centre de l\u2019\u00eele suite a l\u2019\u00e9ruption volcanique ,donne cette forme circulaire qui offre a l\u2019\u00eele son charme, connu a chaque coin du monde ,depuis les excavations arch\u00e9ologiques d\u2019Akrotiri ,en Avril 1967 et la d\u00e9couverte de la ville pr\u00e9historique et les fameuses fresques<\/p>\n<p>Les roches rouges , noires ou blanches, d\u00e9couvrent les diff\u00e9rentes couches de la terre coul\u00e9e sur la mer \u00c9g\u00e9e, aucune description ne peut capturer l\u2019\u00e9motion qui \u00e9chappe a chaque instant et fait r\u00eaver des femmes et des hommes , venus du monde entier.<\/p>\n<p>La culture de la vigne sans arrosage, par simple humidit\u00e9 nocturne ,connue depuis la pr\u00e9histoire sur l\u2019\u00eele de Santorin , offre un go\u00fbt particulier aux vins blancs d\u2019excellente qualit\u00e9 a d\u00e9guster ,dans plusieurs caves a vin de l\u2019\u00eele \u2026<\/p>\n<p>L\u2019\u00eele que toutes les p\u00e9riodes historiques de la zone m\u00e9diterran\u00e9enne ,ont marqu\u00e9es de leur passage , a deux Noms .Thera , a cause du Roi Thera , des Doriens en 900A.C l\u2019appellation officielle de l\u2019\u00eele, en Grec et \u00ab\u00a0Santorini\u00a0\u00bb depuis la p\u00e9riode de l\u2019occupation de l\u2019\u00eele ,par des marins V\u00e9nitiens en 1500 de notre \u00e8re, qui ont donn\u00e9s le nom de la premi\u00e8re \u00e9glise chr\u00e9tienne, qui ont vue, de l\u2019arriv\u00e9 sur l\u2019\u00eele (Santa Irini ).<\/p>\n<p>Santorin aujourd\u2019hui , est la premi\u00e8re destination d\u2019Europe , non seulement a cause de sa culture et de sa beaut\u00e9, mais aussi gr\u00e2ce a la gastronomie locale et la vie nocturne \u2026<\/p>\n<p>Santorin Gr\u00e8ce offre l\u2019aventure et les origines de la culture Europ\u00e9enne, dans un cadre romantique , dynamique et fatale a la fois.<\/p>\n<h2>La beaut\u00e9 magique de Santorin<\/h2>\n<p>Lorsque le paquebot p\u00e9n\u00e8tre dans la rade de Santorin, le panorama qui surgit \u00e0 vos yeux est, en effet, l\u2019un des plus extraordinaires que l\u2019on puisse d\u00e9couvrir dans toute la M\u00e9diterran\u00e9e. Tout autour, aussi<\/p>\n<p>loin que le regard se porte, des murs de rochers qui s\u2019\u00e9l\u00e8vent \u00e0 plusieurs dizaines de m\u00e8tres au-dessus de vos t\u00eates.<\/p>\n<p>De vraies falaises, rouge-marron, brun, violac\u00e9es parfois, presque m\u00e9talliques sous le soleil, comme fig\u00e9es dans une convulsion et un essor monstrueux qui se serait soudain p\u00e9trifi\u00e9 pour l\u2019\u00e9ter nit\u00e9.<\/p>\n<p>La rade, large de plusieurs kilom\u00e8tres, semble presque compl\u00e8tement ferm\u00e9e. Seules trois grandes br\u00e8ches permettent le passage de la mer bleue et \u00e9tincelante, et cr\u00e9ent en fait deux iles principales, Thera et Therasia.<\/p>\n<p>Sur les cr\u00e8tes, quelques lignes de cubes blancs, empil\u00e9s les uns sur les autres,<\/p>\n<p>presque en \u00e9quilibre au-dessus de l\u2019abime, indiquent la pr\u00e9sence de ces villages cycladiques comme on vient de les voir dans les autres iles.<\/p>\n<p>On a brusquement l\u2019impression d\u2019\u00eatre pris dans une \u00e9norme nasse. Avec aussi, le sentiment sourd de se trouver face \u00e0 un myst\u00e8re \u00e0 l\u2019\u00e9chelle g\u00e9ologique, d\u00fb \u00e0 quelque divinit\u00e9 infernale.<\/p>\n<p>Curieusement, le spectacle naturel est tellement impressionnant que le touriste, presque terroris\u00e9, ne songe pas \u00e0 venir passer ses vacances \u00e0 Thera.<\/p>\n<p>Il est pourtant relativement facile de s\u2019y rendre. D\u2019une part, par les ferries-boats qui viennent du Pir\u00e9e au moins 5 fois par semaine (en environ 10 \u00e0 13 heures, suivant qu\u2019ils font escale au passage \u00e0 Milos, \u00e0 Syros, Paros, Naxos et los, et qui continuent souvent sur la Cr\u00e8te (H\u00e9racl\u00e9ion ou Sithia) et m\u00eame Rhodes et Karpathos.<\/p>\n<p>Il faut d\u2019ailleurs signaler que, contrairement aux apparences, il est tr\u00e8s ais\u00e9 d\u2019emmener \u00e0 Thera sa propre voiture, qui peut d\u00e9barquer tr\u00e8s facilement un peu plus au sud, \u00e0 Athinios; d\u2019autre part, trois fois par<\/p>\n<p>semaine en hiver et presque quotidiennement en \u00e9t\u00e9, un vol direct relie Santorin et Ath\u00e8nes, en moins d\u2019une heure.<\/p>\n<h2>Que voir \u00e0 Santorin<\/h2>\n<p>Santorin offre une multitude de choses \u00e0 faire et de lieux \u00e0 explorer. Vous pourrez faire de magnifiques promenades le long du bord de la Caldera, des excursions en bateau (\u00e0 faire absolument), visiter les villages pr\u00e9serv\u00e9s de l\u2019arri\u00e8re-pays et d\u00e9couvrir les deux sites arch\u00e9ologiques qui donnent un aper\u00e7u fascinant de la vie des anciennes civilisations.<\/p>\n<p>La capitale, Fira, est le principal centre d\u2019activit\u00e9 de l\u2019\u00eele. Cette ville, tr\u00e8s touristique, regorge de boutiques de bijoux et cadeaux, de bars, de restaurants et de cyber-caf\u00e9s.<\/p>\n<p>Afin de d\u00e9couvrir l\u2019histoire de l\u2019\u00eele, visitez le mus\u00e9e arch\u00e9ologique, situ\u00e9 en face de la station du t\u00e9l\u00e9ph\u00e9rique, vous pourrez y admirer des pi\u00e8ces provenant des sites de fouilles d\u2019Akrotiri et de l\u2019ancienne Th\u00e9ra, des statues typiquement cycladiques et des sculptures romaines.<\/p>\n<h2>Que faire \u00e0 Santorin<\/h2>\n<p>Commencez par faire le tour des plages: Sur la c\u00f4te sud, la magnifique Red Beach, sur la c\u00f4te Est la fr\u00e9n\u00e9tique Kamari et \u00e0 six kilom\u00e8tres \u00e0 l\u2019Est de Fira, la plage, la moins fr\u00e9quent\u00e9e et la plus familiale de Monolithos,.<\/p>\n<p>Si vous \u00eates plus endurant, la randonn\u00e9e de 12 kilom\u00e8tres entre Fira et le charmant village de Ia (\u00e9galement orthographi\u00e9 Oia), dans le nord de l\u2019\u00eele, vaut vraiment la peine.<\/p>\n<p>Pr\u00e9voyez au moins deux heures pour parcourir le spectaculaire sentier p\u00e9destre qui serpente le long de la Caldera.<\/p>\n<p>Essayez le t\u00e9l\u00e9ph\u00e9rique entre le port et le centre-ville de Fira \u2013 le voyage ne dure que trois minutes mais il est totalement exaltant (et moins \u00e9puisant que les 597 marches).<\/p>\n<h2>Les Plages de Santorin<\/h2>\n<p>Santorin n\u2019est pas, vraiment, r\u00e9put\u00e9e pour ses plages. Cependant, ces longues \u00e9tendues de sable noir volcanique, situ\u00e9es sur la c\u00f4te Est, ont un certain charme.<\/p>\n<p>Les nombreux vacanciers, utilisant les formules de s\u00e9jour \u00ab tout inclus \u00bb, font de Kamari, principale station baln\u00e9aire, leur lieu exclusif de vill\u00e9giature.<\/p>\n<p>Mais, m\u00eame si vous s\u00e9journez dans cet endroit touristique populaire, ne manquez pas l\u2019occasion de vous baigner dans la magnifique Caldera, situ\u00e9e de l\u2019autre c\u00f4t\u00e9 de l\u2019\u00eele. La pens\u00e9e, que l\u2019\u00e9norme volcan englouti peut entrer, soudainement, en \u00e9ruption, sous vos pieds, vous procurera une mont\u00e9e d\u2019adr\u00e9naline.<\/p>\n<h2>Comment se rendre \u00e0 Santorin<\/h2>\n<p>Mais pour l\u2019instant, vous arrivez comme presque tout le monde, par la mer, le bateau s\u2019est arr\u00eat\u00e9. Des embarcations vous m\u00e8nent jusqu\u2019\u00e0 la petite skala ancr\u00e9e au pied de la falaise. Des mulets vous y attendent et vous voici imm\u00e9diatement en train de<\/p>\n<p>grimper, sur leur dos, ce sentier vertigineux qui ressemble plus \u00e0 un escalier qu\u2019\u00e0 une route.<\/p>\n<p>A chaque tournant, on serre instinctivement les jambes pour ne pas basculer. Mais les mulets connaissent parfaitement leur chemin. Au-dessous de vous, le paquebot semble rapetisser \u00e0 vue d\u2019eil. Et c\u2019est l\u2019arriv\u00e9e au sommet. Brusquement, l\u2019air frais du large, le meltemi vous fouette la figure, tandis que vous d\u00e9couvrez les premi\u00e8res maisons d\u2019un village tout chaul\u00e9 de blanc qui se dore au soleil de la mer Eg\u00e9e.<\/p>\n<h2>Comment se d\u00e9placer \u00e0 Santorin<\/h2>\n<p>Se d\u00e9placer \u00e0 Santorin est facile, de nombreux modes de transport s\u2019offrent \u00e0 vous : Bus, taxi, scooter, cheval ou mulet.<\/p>\n<p>Le meilleur moyen d\u00e9couvrir l\u2019\u00eele est de louer une voiture, \u00e0 condition que vous ne soyez pas un conducteur trop nerveux.<\/p>\n<p>Certaines routes sont tr\u00e8s \u00e9troites et sinueuses, les bas-c\u00f4t\u00e9s ne sont pas s\u00e9curis\u00e9s et surplombent dangereusement de grands pr\u00e9cipices<\/p>\n<p>Vous trouverez de nombreuses agences de location (voitures et deux roues) sur l\u2019\u00eele, notamment \u00e0 Fira.<\/p>\n<p>\u00c9vitez de vous garer dans le centre-ville de Fira ou sur des emplacements interdits car la police locale vous enl\u00e8vera vos plaques d\u2019immatriculation et vous devrez payer une lourde amende, lorsque vous rendrez le v\u00e9hicule \u00e0 l\u2019agence de location.<\/p>\n<p>Les principaux centres d\u2019int\u00e9r\u00eat de l\u2019\u00eele sont accessibles en bus, cependant, en haute saison, ceux-ci peuvent \u00eatre terriblement bond\u00e9s.<\/p>\n<p>Il est pr\u00e9f\u00e9rable de louer une voiture, si vous souhaitez visiter les deux sites arch\u00e9ologiques importants de l\u2019\u00eele, Akrotiri et l\u2019ancienne Th\u00e9ra, parcourir les villages pr\u00e9serv\u00e9s de l\u2019int\u00e9rieur, profiter du soleil sur les plages de sable noir de la c\u00f4te Est et explorer la ville d\u2019Oia, situ\u00e9e \u00e0 flanc de falaise, au Nord.<\/p>","protected":false},"excerpt":{"rendered":"<p>\u00cele de Santorin Gr\u00e8ce Santorin, que les Grecs appellent Thira ou Thera, est la derni\u00e8re ile des Cyclades avant la Cr\u00e8te. C\u2019est aussi la plus \u00e9trange et la plus myst\u00e9rieuse, celle dont toutes les croisi\u00e8res \u00e9g\u00e9ennes ont fait une des plus importantes escales de leur programme. Plusieurs milliers de visiteurs chaque ann\u00e9es, depuis la d\u00e9couverte<br \/><a class=\"moretag\" href=\"https:\/\/www.santorinpascher.fr\/\">+ Lire Plus<\/a><\/p>\n","protected":false},"author":1,"featured_media":30,"parent":0,"menu_order":0,"comment_status":"closed","ping_status":"closed","template":"","meta":{"footnotes":""},"class_list":["post-9","page","type-page","status-publish","has-post-thumbnail","hentry"],"yoast_head":"<!-- This site is optimized with the Yoast SEO plugin v19.10 - https:\/\/yoast.com\/wordpress\/plugins\/seo\/ -->\n<title>Decouvrir l&#039; \u00cele de Santorin<\/title>\n<meta name=\"description\" content=\"L&#039;\u00eele de Santorin en Gr\u00e8ce offre l&#039;aventure et les origines de la culture europ\u00e9enne, dans un cadre romantique, dynamique et fatal \u00e0 la fois.C\u2019est aussi la plus \u00e9trange et la plus myst\u00e9rieuse, celle dont toutes les croisi\u00e8res \u00e9g\u00e9ennes ont fait une des plus importantes escales de leur programme\" \/>\n<meta name=\"robots\" content=\"index, follow, max-snippet:-1, max-image-preview:large, max-video-preview:-1\" \/>\n<link rel=\"canonical\" href=\"https:\/\/www.santorinpascher.fr\/\" \/>\n<meta property=\"og:locale\" content=\"fr_FR\" \/>\n<meta property=\"og:type\" content=\"article\" \/>\n<meta property=\"og:title\" content=\"Decouvrir l&#039; \u00cele de Santorin\" \/>\n<meta property=\"og:description\" content=\"L&#039;\u00eele de Santorin en Gr\u00e8ce offre l&#039;aventure et les origines de la culture europ\u00e9enne, dans un cadre romantique, dynamique et fatal \u00e0 la fois.C\u2019est aussi la plus \u00e9trange et la plus myst\u00e9rieuse, celle dont toutes les croisi\u00e8res \u00e9g\u00e9ennes ont fait une des plus importantes escales de leur programme\" \/>\n<meta property=\"og:url\" content=\"https:\/\/www.santorinpascher.fr\/\" \/>\n<meta property=\"og:site_name\" content=\"Santorin\" \/>\n<meta property=\"article:modified_time\" content=\"2022-08-19T20:35:13+00:00\" \/>\n<meta property=\"og:image\" content=\"https:\/\/www.santorinpascher.fr\/wp-content\/uploads\/2022\/08\/santorin.webp\" \/>\n\t<meta property=\"og:image:width\" content=\"960\" \/>\n\t<meta property=\"og:image:height\" content=\"640\" \/>\n\t<meta property=\"og:image:type\" content=\"image\/webp\" \/>\n<meta name=\"twitter:card\" content=\"summary_large_image\" \/>\n<meta name=\"twitter:label1\" content=\"Dur\u00e9e de lecture estim\u00e9e\" \/>\n\t<meta name=\"twitter:data1\" content=\"8 minutes\" \/>\n<script type=\"application\/ld+json\" class=\"yoast-schema-graph\">{\"@context\":\"https:\/\/schema.org\",\"@graph\":[{\"@type\":\"WebPage\",\"@id\":\"https:\/\/www.santorinpascher.fr\/\",\"url\":\"https:\/\/www.santorinpascher.fr\/\",\"name\":\"Decouvrir l' \u00cele de Santorin\",\"isPartOf\":{\"@id\":\"https:\/\/www.santorinpascher.fr\/#website\"},\"datePublished\":\"2022-08-19T19:45:53+00:00\",\"dateModified\":\"2022-08-19T20:35:13+00:00\",\"description\":\"L'\u00eele de Santorin en Gr\u00e8ce offre l'aventure et les origines de la culture europ\u00e9enne, dans un cadre romantique, dynamique et fatal \u00e0 la fois.C\u2019est aussi la plus \u00e9trange et la plus myst\u00e9rieuse, celle dont toutes les croisi\u00e8res \u00e9g\u00e9ennes ont fait une des plus importantes escales de leur programme\",\"breadcrumb\":{\"@id\":\"https:\/\/www.santorinpascher.fr\/#breadcrumb\"},\"inLanguage\":\"fr-FR\",\"potentialAction\":[{\"@type\":\"ReadAction\",\"target\":[\"https:\/\/www.santorinpascher.fr\/\"]}]},{\"@type\":\"BreadcrumbList\",\"@id\":\"https:\/\/www.santorinpascher.fr\/#breadcrumb\",\"itemListElement\":[{\"@type\":\"ListItem\",\"position\":1,\"name\":\"Accueil\",\"item\":\"https:\/\/www.santorinpascher.fr\/\"},{\"@type\":\"ListItem\",\"position\":2,\"name\":\"Santorin\"}]},{\"@type\":\"WebSite\",\"@id\":\"https:\/\/www.santorinpascher.fr\/#website\",\"url\":\"https:\/\/www.santorinpascher.fr\/\",\"name\":\"Santorin\",\"description\":\"Ile de Santorin Grece\",\"potentialAction\":[{\"@type\":\"SearchAction\",\"target\":{\"@type\":\"EntryPoint\",\"urlTemplate\":\"https:\/\/www.santorinpascher.fr\/?s={search_term_string}\"},\"query-input\":\"required name=search_term_string\"}],\"inLanguage\":\"fr-FR\"}]}<\/script>\n<!-- \/ Yoast SEO plugin. -->","yoast_head_json":{"title":"Decouvrir l' \u00cele de Santorin","description":"L'\u00eele de Santorin en Gr\u00e8ce offre l'aventure et les origines de la culture europ\u00e9enne, dans un cadre romantique, dynamique et fatal \u00e0 la fois.C\u2019est aussi la plus \u00e9trange et la plus myst\u00e9rieuse, celle dont toutes les croisi\u00e8res \u00e9g\u00e9ennes ont fait une des plus importantes escales de leur programme","robots":{"index":"index","follow":"follow","max-snippet":"max-snippet:-1","max-image-preview":"max-image-preview:large","max-video-preview":"max-video-preview:-1"},"canonical":"https:\/\/www.santorinpascher.fr\/","og_locale":"fr_FR","og_type":"article","og_title":"Decouvrir l' \u00cele de Santorin","og_description":"L'\u00eele de Santorin en Gr\u00e8ce offre l'aventure et les origines de la culture europ\u00e9enne, dans un cadre romantique, dynamique et fatal \u00e0 la fois.C\u2019est aussi la plus \u00e9trange et la plus myst\u00e9rieuse, celle dont toutes les croisi\u00e8res \u00e9g\u00e9ennes ont fait une des plus importantes escales de leur programme","og_url":"https:\/\/www.santorinpascher.fr\/","og_site_name":"Santorin","article_modified_time":"2022-08-19T20:35:13+00:00","og_image":[{"width":960,"height":640,"url":"https:\/\/www.santorinpascher.fr\/wp-content\/uploads\/2022\/08\/santorin.webp","type":"image\/webp"}],"twitter_card":"summary_large_image","twitter_misc":{"Dur\u00e9e de lecture estim\u00e9e":"8 minutes"},"schema":{"@context":"https:\/\/schema.org","@graph":[{"@type":"WebPage","@id":"https:\/\/www.santorinpascher.fr\/","url":"https:\/\/www.santorinpascher.fr\/","name":"Decouvrir l' \u00cele de Santorin","isPartOf":{"@id":"https:\/\/www.santorinpascher.fr\/#website"},"datePublished":"2022-08-19T19:45:53+00:00","dateModified":"2022-08-19T20:35:13+00:00","description":"L'\u00eele de Santorin en Gr\u00e8ce offre l'aventure et les origines de la culture europ\u00e9enne, dans un cadre romantique, dynamique et fatal \u00e0 la fois.C\u2019est aussi la plus \u00e9trange et la plus myst\u00e9rieuse, celle dont toutes les croisi\u00e8res \u00e9g\u00e9ennes ont fait une des plus importantes escales de leur programme","breadcrumb":{"@id":"https:\/\/www.santorinpascher.fr\/#breadcrumb"},"inLanguage":"fr-FR","potentialAction":[{"@type":"ReadAction","target":["https:\/\/www.santorinpascher.fr\/"]}]},{"@type":"BreadcrumbList","@id":"https:\/\/www.santorinpascher.fr\/#breadcrumb","itemListElement":[{"@type":"ListItem","position":1,"name":"Accueil","item":"https:\/\/www.santorinpascher.fr\/"},{"@type":"ListItem","position":2,"name":"Santorin"}]},{"@type":"WebSite","@id":"https:\/\/www.santorinpascher.fr\/#website","url":"https:\/\/www.santorinpascher.fr\/","name":"Santorin","description":"Ile de Santorin Grece","potentialAction":[{"@type":"SearchAction","target":{"@type":"EntryPoint","urlTemplate":"https:\/\/www.santorinpascher.fr\/?s={search_term_string}"},"query-input":"required name=search_term_string"}],"inLanguage":"fr-FR"}]}},"_links":{"self":[{"href":"https:\/\/www.santorinpascher.fr\/index.php\/wp-json\/wp\/v2\/pages\/9","targetHints":{"allow":["GET"]}}],"collection":[{"href":"https:\/\/www.santorinpascher.fr\/index.php\/wp-json\/wp\/v2\/pages"}],"about":[{"href":"https:\/\/www.santorinpascher.fr\/index.php\/wp-json\/wp\/v2\/types\/page"}],"author":[{"embeddable":true,"href":"https:\/\/www.santorinpascher.fr\/index.php\/wp-json\/wp\/v2\/users\/1"}],"replies":[{"embeddable":true,"href":"https:\/\/www.santorinpascher.fr\/index.php\/wp-json\/wp\/v2\/comments?post=9"}],"version-history":[{"count":0,"href":"https:\/\/www.santorinpascher.fr\/index.php\/wp-json\/wp\/v2\/pages\/9\/revisions"}],"wp:featuredmedia":[{"embeddable":true,"href":"https:\/\/www.santorinpascher.fr\/index.php\/wp-json\/wp\/v2\/media\/30"}],"wp:attachment":[{"href":"https:\/\/www.santorinpascher.fr\/index.php\/wp-json\/wp\/v2\/media?parent=9"}],"curies":[{"name":"wp","href":"https:\/\/api.w.org\/{rel}","templated":true}]}}